{"id":641,"date":"2015-01-06T17:32:25","date_gmt":"2015-01-06T16:32:25","guid":{"rendered":"http:\/\/www.bottlingtechnology.com\/?page_id=641"},"modified":"2018-06-04T15:09:28","modified_gmt":"2018-06-04T13:09:28","slug":"privacy-policy","status":"publish","type":"page","link":"https:\/\/www.bottlingtechnology.com\/it\/privacy-policy\/","title":{"rendered":"Privacy Policy"},"content":{"rendered":"<h2>Informativa privacy sito<\/h2>\n<h3>Informativa per il trattamento dei dati personali<\/h3>\n<p>Bottling Technology, con sede legale in (43013) Langhirano\u00a0( PR ), Italia, Via Fanti d&#8217;Italia n. 51, Partita IVA XXXXXXXXX (in seguito, \u201cTitolare\u201d), in qualit\u00e0 di titolare del trattamento, Vi informa ai sensi dell\u2019art. 13 D.Lgs. 30.06.2003 n. 196 (in seguito, \u201cCodice Privacy\u201d) e dell\u2019art. 13 Regolamento UE n. 2016\/679 (in seguito, \u201cGDPR\u201d) che i Vostri dati saranno trattati con le modalit\u00e0 e per le finalit\u00e0 seguenti:<\/p>\n<p><strong>1. Oggetto del trattamento<\/strong><\/p>\n<p>Il Titolare tratta i dati personali, identificativi e non sensibili (a titolo esemplificativo ma non esaustivo, nome, cognome, ragione sociale, indirizzo, telefono, e-mail \u2013 in seguito, \u201cdati personali\u201d o anche \u201cdati\u201d) da Voi comunicati in occasione della registrazione al sito web www.bottlingtechnology.com del Titolare (in seguito, \u201cSito\u201d), della partecipazione a sondaggi di opinione e di gradimento, della compilazione dei moduli di ordine online, della compilazione di form di iscrizione tramite il Sito ad eventi organizzati dal titolare, della richiesta on-line di chiarimenti o richieste di supporto,e dell\u2019invio di newsletter.<\/p>\n<p><strong>2. Finalit\u00e0 del trattamento<\/strong><\/p>\n<p>I Vostri dati personali sono trattati:<\/p>\n<p><strong>A)<\/strong> senza il Vostro consenso espresso (art. 24 lett. a), b), c) Codice Privacy e art. 6 lett. b), e) GDPR), per le seguenti Finalit\u00e0 di Servizio:<\/p>\n<p>gestire e mantenere il Sito;<br \/>\npermetterVi di fruire dei Servizi eventualmente da Voi richiesti;<br \/>\npartecipare tramite il Sito ad iniziative organizzate dal Titolare (ad esempio, eventi);<br \/>\nprocessare una richiesta di contatto;<br \/>\nprocessare un ordine;<br \/>\nadempiere agli obblighi previsti dalla legge, da un regolamento, dalla normativa comunitaria o da un ordine dell\u2019Autorit\u00e0;<br \/>\nadempiere obblighi connessi alla gestione dell\u2019associazione e dei rapporti con i soci;<br \/>\nprevenire o scoprire attivit\u00e0 fraudolente o abusi dannosi per il Sito;<br \/>\nesercitare i diritti del Titolare, ad esempio il diritto di esercizio di un diritto in sede giudiziaria.<\/p>\n<p><strong>B)<\/strong> Solo previo Vostro specifico e distinto consenso (artt. 23 e 130 Codice Privacy e art. 7 GDPR), per le seguenti Altre Finalit\u00e0:<\/p>\n<p>inviarVi via e-mail sondaggi di opinione e di gradimento, newsletter e\/o inviti ad eventi o iscriverVi ad eventi di cui \u00e8 parte o che organizza il Titolare.<\/p>\n<p><strong>3. Modalit\u00e0 del trattamento<\/strong><\/p>\n<p>Il trattamento dei Vostri dati personali \u00e8 realizzato per mezzo delle operazioni indicate all\u2019art. 4 Codice Privacy e all\u2019art. 4 n. 2) GDPR e precisamente: raccolta, registrazione, organizzazione, conservazione, consultazione, elaborazione, modificazione, selezione, estrazione, raffronto, utilizzo, interconnessione, blocco, comunicazione, cancellazione e distruzione dei dati. I Vostri dati personali sono sottoposti a trattamento sia cartaceo che elettronico e\/o automatizzato, mediante l\u2019uso di sito web ospitato su Cloud gestito dalla societ\u00e0 OVH in Francia. Il Titolare tratter\u00e0 i dati personali per il tempo necessario per adempiere alle finalit\u00e0 di cui sopra e comunque per non oltre 10 anni dalla cessazione del rapporto per le Finalit\u00e0 di Servizio e per non oltre 2 anni dalla raccolta dei dati per le Altre Finalit\u00e0.<\/p>\n<p><strong>4. Sicurezza<\/strong><\/p>\n<p>Il Titolare ha adottato una gran variet\u00e0 di misure di sicurezza per proteggere i Vostri dati contro il rischio di perdita, abuso o alterazione. In particolare: ha adottato le misure di cui agli artt. 32-34 Codice Privacy e all\u2019art. 32 GDPR; utilizza la tecnologia di criptaggio dei dati stabilita dagli Standard AES (BCrypt) e i protocolli protetti di trasmissione dei dati noti come HL7 e HTTPS; rispetta gli Standard ISO\/IEC 27000, WG3 E WG4.<\/p>\n<p><strong>5. Accesso ai dati<\/strong><\/p>\n<p>I Vostri dati potranno essere resi accessibili per le finalit\u00e0 di cui all\u2019art. 2.A) e 2.B):<\/p>\n<p>a dipendenti e collaboratori del Titolare, nella loro qualit\u00e0 di incaricati e\/o responsabili interni del trattamento e\/o amministratori di sistema;<br \/>\na societ\u00e0 terze o altri soggetti (a titolo indicativo, provider sito web, cloud provider, provider servizio e-payment, fornitori, tecnici addetti all\u2019assistenza hardware e software, spedizionieri e vettori, istituti di credito, studi professionali, etc.) che svolgono attivit\u00e0 in outsourcing per conto del Titolare, nella loro qualit\u00e0 di responsabili del trattamento.<\/p>\n<p><strong>6. Comunicazione dei dati<\/strong><\/p>\n<p>Senza il Vostro espresso consenso (ex art. 24 lett. a), b), d) Codice Privacy e art. 6 lett. b) e c) GDPR), il Titolare potr\u00e0 comunicare i Vostri dati per le finalit\u00e0 di cui all\u2019art. 2.A) a Organismi di vigilanza, Autorit\u00e0 giudiziarie nonch\u00e9 a tutti gli altri soggetti ai quali la comunicazione sia obbligatoria per legge per l\u2019espletamento delle finalit\u00e0 dette. I Vostri dati non saranno diffusi.<\/p>\n<p><strong>7. Trasferimento dati<\/strong><\/p>\n<p>La gestione e la conservazione dei dati personali avverr\u00e0 in Europa, su server ubicati in Francia del Titolare e\/o di societ\u00e0 terze incaricate e debitamente nominate quali Responsabili del trattamento.<\/p>\n<p><strong>8. Natura del conferimento dei dati e conseguenze del rifiuto di rispondere<\/strong><\/p>\n<p>Il conferimento dei dati per le finalit\u00e0 di cui all\u2019art. 2.A) \u00e8 obbligatorio. In loro assenza, non potremo garantirVi n\u00e9 la registrazione al Sito n\u00e9 i Servizi dell\u2019art. 2.A).<br \/>\nIl conferimento dei dati per le finalit\u00e0 di cui all\u2019art. 2.B) \u00e8 invece facoltativo. Potete quindi decidere di non conferire alcun dato o di negare successivamente la possibilit\u00e0 di trattare dati gi\u00e0 forniti: in tal caso, non potrete ricevere via e-mail inviti ad eventi, newsletter e sondaggi di opinione e di gradimento. In ogni caso continuerete ad avere diritto ai Servizi di cui all\u2019art. 2.A).<\/p>\n<p><strong>9. Diritti dell\u2019interessato<\/strong><\/p>\n<p>Nella Vostra qualit\u00e0 di interessati, avete i diritti di cui all\u2019art. 7 Codice Privacy e art. 15 GDPR e precisamente i diritti di:<\/p>\n<p>i. ottenere la conferma dell&#8217;esistenza o meno di dati personali che Vi riguardano, anche se non ancora registrati, e la loro comunicazione in forma intelligibile;<br \/>\nii. ottenere l&#8217;indicazione: a) dell&#8217;origine dei dati personali; b) delle finalit\u00e0 e modalit\u00e0 del trattamento; c) della logica applicata in caso di trattamento effettuato con l&#8217;ausilio di strumenti elettronici; d) degli estremi identificativi del titolare, dei responsabili e del rappresentante designato ai sensi dell&#8217;art. 5, comma 2 Codice Privacy e art. 3, comma 1, GDPR; e) dei soggetti o delle categorie di soggetti ai quali i dati personali possono essere comunicati o che possono venirne a conoscenza in qualit\u00e0 di rappresentante designato nel territorio dello Stato, di responsabili o incaricati;<br \/>\niii. ottenere: a) l&#8217;aggiornamento, la rettificazione ovvero, quando vi avete interesse, l&#8217;integrazione dei dati; b) la cancellazione, la trasformazione in forma anonima o il blocco dei dati trattati in violazione di legge, compresi quelli di cui non \u00e8 necessaria la conservazione in relazione agli scopi per i quali i dati sono stati raccolti o successivamente trattati; c) l&#8217;attestazione che le operazioni di cui alle lettere a) e b) sono state portate a conoscenza, anche per quanto riguarda il loro contenuto, di coloro ai quali i dati sono stati comunicati o diffusi, eccettuato il caso in cui tale adempimento si rivela impossibile o comporta un impiego di mezzi manifestamente sproporzionato rispetto al diritto tutelato;<br \/>\niv. opporsi, in tutto o in parte: a) per motivi legittimi al trattamento dei dati personali che Vi riguardano, ancorch\u00e9 pertinenti allo scopo della raccolta; b) al trattamento di dati personali che Vi riguardano a fini di invio di materiale pubblicitario o di vendita diretta o per il compimento di ricerche di mercato o di comunicazione commerciale, mediante l\u2019uso di sistemi automatizzati di chiamata senza l\u2019intervento di un operatore mediante e-mail e\/o mediante modalit\u00e0 di marketing tradizionali mediante telefono e\/o posta cartacea. Si fa presente che il diritto di opposizione dell\u2019interessato, esposto al precedente punto b), per finalit\u00e0 di marketing diretto mediante modalit\u00e0 automatizzate si estende a quelle tradizionali e che comunque resta salva la possibilit\u00e0 per l\u2019interessato di esercitare il diritto di opposizione anche solo in parte. Pertanto, l\u2019interessato pu\u00f2 decidere di ricevere solo comunicazioni mediante modalit\u00e0 tradizionali ovvero solo comunicazioni automatizzate oppure nessuna delle due tipologie di comunicazione.<br \/>\nOve applicabili, avete altres\u00ec i diritti di cui agli artt. 16-21 GDPR (Diritto di rettifica, diritto all\u2019oblio, diritto di limitazione di trattamento, diritto alla portabilit\u00e0 dei dati, diritto di opposizione), nonch\u00e9 il diritto di reclamo all\u2019Autorit\u00e0 Garante.<\/p>\n<p><strong>10. Modalit\u00e0 di esercizio dei diritti<\/strong><\/p>\n<p>Potrete in qualsiasi momento esercitare i diritti inviando:<\/p>\n<p>una raccomandata a.r. a MISTICHELLI NICOLA , Via Fanti d&#8217;Italia n. 51, 43013, Langhirano (PR);<br \/>\nuna e-mail all\u2019indirizzo postmaster@bottlingtechnology.com<\/p>\n<p><strong>11. Minori<\/strong><\/p>\n<p>Questo Sito e i Servizi del Titolare non sono destinati a minori di 18 anni e il Titolare non raccoglie intenzionalmente informazioni personali riferite ai minori. Nel caso in cui informazioni su minori fossero involontariamente registrate, il Titolare le canceller\u00e0 in modo tempestivo, su richiesta degli utenti.<\/p>\n<p><strong>12. Titolare, responsabile e incaricati<\/strong><\/p>\n<p>Il Titolare del trattamento \u00e8 MISTICHELLI NICOLA, con sede legale in Via Fanti d&#8217;Italia n. 51, 43013, Langhirano (PR).<br \/>\nL\u2019elenco aggiornato dei responsabili e degli incaricati al trattamento \u00e8 custodito presso la sede del Titolare del trattamento.<\/p>\n<p><strong>13. Modifiche alla presente Informativa<\/strong><\/p>\n<p>La presente Informativa pu\u00f2 subire variazioni. Si consiglia, quindi, di controllare regolarmente questa Informativa e di riferirsi alla versione pi\u00f9 aggiornata.<\/p>\n<h2><strong>Cookies<\/strong><\/h2>\n<p><a href=\"http:\/\/www.garanteprivacy.it\/web\/guest\/home\/docweb\/-\/docweb-display\/docweb\/2142939\" target=\"_blank\" rel=\"noopener\">Altre informazioni sui Cookie<\/a><\/p>\n<h2>Utilizzo di cookie<\/h2>\n<p>Il nostro sito fa uso di cookie. I cookie sono piccoli file di informazioni immessi durante la navigazione sul tuo browser , dove vengono memorizzati per essere poi ritrasmessi al nostro sito ogni volta che effettui una connessione successiva.<br \/>\nUtilizziamo unicamente tipologie di <strong>cookie tecnici e analitici<\/strong>. Non facciamo uso di invece di cookie di profilazione che hanno lo scopo di monitorare e profilare gli utenti durante la navigazione , studiando le loro abitudini e preferenze di consultazione web, allo scopo di inviare messaggi pubblicitari personalizzati.<\/p>\n<ul>\n<li><strong>I cookie tecnici<\/strong> sono necessari per il corretto funzionamento di alcune aree del sito. Comprendono sia cookie persistenti che cookie di sessione. In assenza di tali cookie, il sito o alcune porzioni di esso potrebbero non funzionare correttamente. I cookie di questa categoria vengono sempre inviati dal nostro dominio.<\/li>\n<li><strong>I cookie analitici<\/strong> vengono utilizzati per raccogliere informazioni sull\u2019utilizzo del sito. Sono la base per analisi statistiche, per azioni di miglioramento e semplificazione delle funzionalit\u00e0, per il monitoraggio del corretto funzionamento. Questo tipo di cookie raccoglie informazioni in forma anonima sull\u2019attivit\u00e0 degli utenti nel sito e sul modo in cui sono arrivati al sito e alle pagine visitate. Ci si avvale del servizio Google Analytics della societ\u00e0 Google, Inc. per la generazione di statistiche sull\u2019utilizzo del sito; Google Analytics utilizza cookie che non memorizzano dati personali. Le informazioni ricavabili dai cookie sull\u2019utilizzo del sito web da parte degli utenti (compresi gli indirizzi IP) verranno trasmesse a Google e depositate presso i server della societ\u00e0 stessa. Google fornisce i dati in forma aggregata e mai collegati alla identit\u00e0 degli utenti, attraverso report e altri servizi informatici. Google non trasferisce queste informazioni a terzi a meno che non sia imposto dalla legge o nel caso in cui si tratti di soggetti che gestiscono questi dati per conto di Google. In ogni caso, Google dichiara nelle sue informative che non assocer\u00e0 gli indirizzi IP a nessun altro dato posseduto.<\/li>\n<\/ul>\n<p>Per consultare l\u2019informativa privacy della societ\u00e0 Google, relativa al servizio Google Analytics, puoi visitare il sito Internet\u00a0<a href=\"http:\/\/www.google.com\/intl\/en\/analytics\/privacyoverview.html\" target=\"_blank\" rel=\"noopener\">http:\/\/www.google.com\/intl\/en\/analytics\/privacyoverview.html<\/a><\/p>\n<ul>\n<li>il nostro sito contiene inoltre cookie di terze parti cio\u00e8 cookie provenienti da altri siti e contenuti in vari elementi ospitati nella nostre pagine (icone di social network che consentono ai visitatori l\u2019interazione con esso, immagini, video). I cookie di questa categoria sono inviati dai domini dei siti che offrono le funzionalit\u00e0 presenti nel sito, non sono quindi inseriti o letti. Le terze parti possono utilizzare i dati raccolti per propri scopi. Per ulteriori informazioni su questi cookie e la modalit\u00e0 di utilizzo da parte di ciascuna delle terze parti, puoi utilizzare i collegamenti riportati di seguito.<br \/>\nFacebook <a href=\"https:\/\/www.facebook.com\/about\/privacy\/\" target=\"_blank\" rel=\"noopener\">https:\/\/www.facebook.com\/about\/privacy\/<\/a><br \/>\nTwitter <a href=\"https:\/\/twitter.com\/privacy\">https:\/\/twitter.com\/privacy<\/a><br \/>\nGoogle+ <a href=\"http:\/\/www.google.com\/policies\/privacy\/\" target=\"_blank\" rel=\"noopener\">http:\/\/www.google.com\/policies\/privacy\/<\/a><br \/>\nYoutube <a href=\"http:\/\/www.google.com\/policies\/privacy\/\" target=\"_blank\" rel=\"noopener\">http:\/\/www.google.com\/policies\/privacy\/<\/a> (privacy di Google applicabile anche ai servizi di YouTube)<br \/>\nLinkedin <a href=\"https:\/\/www.linkedin.com\/legal\/privacy-policy?trk=hb_ft_priv\" target=\"_blank\" rel=\"noopener\">https:\/\/www.linkedin.com\/legal\/privacy-policy?trk=hb_ft_priv<\/a><br \/>\nInstangram <a href=\"https:\/\/help.instagram.com\/155833707900388\" target=\"_blank\" rel=\"noopener\">https:\/\/help.instagram.com\/155833707900388<\/a><br \/>\nTripadvisor <a href=\"http:\/\/www.tripadvisor.it\/pages\/privacy.html\" target=\"_blank\" rel=\"noopener\"> http:\/\/www.tripadvisor.it\/pages\/privacy.html<\/a>\n<\/li>\n<\/ul>\n<h3>Come disabilitare i cookie<\/h3>\n<p>Non \u00e8 necessario richiedere espressamente da parte degli utenti il consenso all\u2019utilizzo di cookie di tipo tecnico e analitico. Con lo stesso utilizzo consapevole del sito web, si acconsente al trattamento dei propri dati per le modalit\u00e0 e i fini indicati nell\u2019informativa.<\/p>\n<p>L\u2019utente ha comunque la possibilit\u00e0 di negare il consenso all\u2019uso dei diversi cookie. La navigazione nel nostro sito potr\u00e0 continuare regolarmente, ma non essendo pi\u00f9 attive alcune funzionalit\u00e0 si potrebero incontrare problemi in altre situazioni, ad esempio nell\u2019utilizzo di siti di commercio elettronico.<br \/>\nSi disattiva l\u2019utilizzo delle diverse tipologie di cookie selezionando l\u2019impostazione appropriata presente sul proprio browser, che consenta di rifiutarli o di cancellarli alla fine di ogni sessione.\u00a0 Di seguito i link con indicazioni su come disabilitare i cookie per i browser pi\u00f9 diffusi.<\/p>\n<p>Internet Explorer: \u00a0<a href=\"http:\/\/windows.microsoft.com\/it-IT\/windows7\/Block-enable-or-allow-cookies\" target=\"_blank\" rel=\"noopener\">http:\/\/windows.microsoft.com\/it-IT\/windows7\/Block-enable-or-allow-cookies<\/a><br \/>\nGoogle Chrome: <a href=\"https:\/\/support.google.com\/chrome\/bin\/answer.py?hl=it-IT&amp;answer=95647&amp;p=cpn_cookies\" target=\"_blank\" rel=\"noopener\">https:\/\/support.google.com\/chrome\/bin\/answer.py?hl=it-IT&amp;answer=95647&amp;p=cpn_cookies<\/a><br \/>\nMozilla Firefox:\u00a0 <a href=\"http:\/\/support.mozilla.org\/it\/kb\/Bloccare%20i%20cookie?redirectlocale=en-US&amp;redirectslug=Blocking+cookies\" target=\"_blank\" rel=\"noopener\">http:\/\/support.mozilla.org\/it\/kb\/Bloccare%20i%20cookie?redirectlocale=en-US&amp;redirectslug=Blocking+cookies<\/a><br \/>\nApple Safari:\u00a0 <a href=\"http:\/\/support.apple.com\/it-it\/HT1677\" target=\"_blank\" rel=\"noopener\">http:\/\/support.apple.com\/it-it\/HT1677<\/a><\/p>\n<p>E\u2019 possibile disabilitare specificatamente i soli cookie di\u00a0 Google Analytics, utilizzando <a href=\"https:\/\/tools.google.com\/dlpage\/gaoptout?hl=it\" target=\"_blank\" rel=\"noopener\">il componente aggiuntivo di opt-out <\/a>fornito gratuitamente da Google per i browser principali.<\/p>\n","protected":false},"excerpt":{"rendered":"<p>Informativa privacy sito<br \/>\nInformativa per il trattamento dei dati personali<\/p>\n<p>Bottling Technology, con sede legale in (43013) Langhirano\u00a0( PR ), Italia, Via Fanti d&#8217;Italia n. 51, Partita IVA XXXXXXXXX (in seguito, \u201cTitolare\u201d), in qualit\u00e0 di titolare del trattamento, Vi informa ai sensi dell\u2019art. 13 D.Lgs. 30.06.2003 n. 196 (in seguito, \u201cCodice Privacy\u201d) e dell\u2019art. 13 Regolamento UE n. 2016\/679 (in seguito, \u201cGDPR\u201d) [&#8230;]<\/p>\n","protected":false},"author":1,"featured_media":0,"parent":0,"menu_order":0,"comment_status":"closed","ping_status":"closed","template":"template-fullwidth.php","meta":{"ngg_post_thumbnail":0},"aioseo_notices":[],"_links":{"self":[{"href":"https:\/\/www.bottlingtechnology.com\/it\/wp-json\/wp\/v2\/pages\/641"}],"collection":[{"href":"https:\/\/www.bottlingtechnology.com\/it\/wp-json\/wp\/v2\/pages"}],"about":[{"href":"https:\/\/www.bottlingtechnology.com\/it\/wp-json\/wp\/v2\/types\/page"}],"author":[{"embeddable":true,"href":"https:\/\/www.bottlingtechnology.com\/it\/wp-json\/wp\/v2\/users\/1"}],"replies":[{"embeddable":true,"href":"https:\/\/www.bottlingtechnology.com\/it\/wp-json\/wp\/v2\/comments?post=641"}],"version-history":[{"count":8,"href":"https:\/\/www.bottlingtechnology.com\/it\/wp-json\/wp\/v2\/pages\/641\/revisions"}],"predecessor-version":[{"id":1446,"href":"https:\/\/www.bottlingtechnology.com\/it\/wp-json\/wp\/v2\/pages\/641\/revisions\/1446"}],"wp:attachment":[{"href":"https:\/\/www.bottlingtechnology.com\/it\/wp-json\/wp\/v2\/media?parent=641"}],"curies":[{"name":"wp","href":"https:\/\/api.w.org\/{rel}","templated":true}]}}